{"id":21,"date":"2013-04-25T08:26:34","date_gmt":"2013-04-25T06:26:34","guid":{"rendered":"http:\/\/localhost\/wordpress\/?page_id=21"},"modified":"2021-10-23T08:51:32","modified_gmt":"2021-10-23T07:51:32","slug":"o-meni","status":"publish","type":"page","link":"https:\/\/jasminkasaric.com\/?page_id=21","title":{"rendered":"O meni"},"content":{"rendered":"<p><a href=\"http:\/\/jasminkasaric.com\/wp-content\/uploads\/2017\/02\/Jase-Bo\u017ei\u0107-2013.jpg\"><img loading=\"lazy\" decoding=\"async\" class=\"alignright wp-image-73\" src=\"http:\/\/jasminkasaric.com\/wp-content\/uploads\/2017\/02\/Jase-Bo\u017ei\u0107-2013-187x300.jpg\" alt=\"\" width=\"312\" height=\"500\" srcset=\"https:\/\/jasminkasaric.com\/wp-content\/uploads\/2017\/02\/Jase-Bo\u017ei\u0107-2013-187x300.jpg 187w, https:\/\/jasminkasaric.com\/wp-content\/uploads\/2017\/02\/Jase-Bo\u017ei\u0107-2013.jpg 578w\" sizes=\"auto, (max-width: 312px) 100vw, 312px\" \/><\/a><\/p>\n<p><span style=\"font-size: 14pt;\">Zovem se Jasminka \u0160ari\u0107, ro\u0111ena sam 23.10.1967. godine u Splitu.<\/span><\/p>\n<p><span style=\"font-size: 14pt;\">Zavr\u0161ila sam Medicinski fakultet u Splitu, specijalizaciju\u00a0 iz psihijatrije te poslijediplomsko usavr\u0161avanje iz forenzi\u010dke, dje\u010dje i adolescentne psihijatrije te kognitivno-bihevioralne psihoterapije.<\/span><\/p>\n<p><span style=\"font-size: 14pt;\">Bavim se vje\u0161ta\u010denjima u gra\u0111anskopravnim i kaznenopravnim predmetima, te savjetovanjima, psihoterapijom\u00a0 i farmakoterapijom djece i odraslih.<\/span><\/p>\n<p><span style=\"font-size: 14pt;\">Stalni sam sudski vje\u0161tak \u017dupanijskog suda u Splitu od 2006. godine.<\/span><\/p>\n<p><span style=\"font-size: 14pt;\">Moja \u017eelja je pomo\u0107i ljudima da razumiju smisao \u017eivota, iza\u0111u iz zatvora svog uma i lak\u0161e svladaju strah i prepreke na svom putu&#8230;<\/span><\/p>\n<p>&nbsp;<\/p>\n","protected":false},"excerpt":{"rendered":"<p>Zovem se Jasminka \u0160ari\u0107, ro\u0111ena sam 23.10.1967. godine u Splitu. Zavr\u0161ila sam Medicinski fakultet u Splitu, specijalizaciju\u00a0 iz psihijatrije te poslijediplomsko usavr\u0161avanje iz forenzi\u010dke, dje\u010dje i adolescentne psihijatrije te kognitivno-bihevioralne psihoterapije. Bavim se vje\u0161ta\u010denjima u gra\u0111anskopravnim i kaznenopravnim predmetima, te savjetovanjima, psihoterapijom\u00a0 i farmakoterapijom djece i odraslih. Stalni sam sudski &hellip;<\/p>\n","protected":false},"author":1,"featured_media":0,"parent":0,"menu_order":3,"comment_status":"closed","ping_status":"closed","template":"","meta":{"footnotes":""},"class_list":["post-21","page","type-page","status-publish","hentry"],"_links":{"self":[{"href":"https:\/\/jasminkasaric.com\/index.php?rest_route=\/wp\/v2\/pages\/21","targetHints":{"allow":["GET"]}}],"collection":[{"href":"https:\/\/jasminkasaric.com\/index.php?rest_route=\/wp\/v2\/pages"}],"about":[{"href":"https:\/\/jasminkasaric.com\/index.php?rest_route=\/wp\/v2\/types\/page"}],"author":[{"embeddable":true,"href":"https:\/\/jasminkasaric.com\/index.php?rest_route=\/wp\/v2\/users\/1"}],"replies":[{"embeddable":true,"href":"https:\/\/jasminkasaric.com\/index.php?rest_route=%2Fwp%2Fv2%2Fcomments&post=21"}],"version-history":[{"count":17,"href":"https:\/\/jasminkasaric.com\/index.php?rest_route=\/wp\/v2\/pages\/21\/revisions"}],"predecessor-version":[{"id":165,"href":"https:\/\/jasminkasaric.com\/index.php?rest_route=\/wp\/v2\/pages\/21\/revisions\/165"}],"wp:attachment":[{"href":"https:\/\/jasminkasaric.com\/index.php?rest_route=%2Fwp%2Fv2%2Fmedia&parent=21"}],"curies":[{"name":"wp","href":"https:\/\/api.w.org\/{rel}","templated":true}]}}