{"id":7,"date":"2013-04-25T07:57:47","date_gmt":"2013-04-25T05:57:47","guid":{"rendered":"http:\/\/localhost\/wordpress\/?page_id=4"},"modified":"2024-01-11T09:33:27","modified_gmt":"2024-01-11T08:33:27","slug":"naslovna","status":"publish","type":"page","link":"https:\/\/jasminkasaric.com\/","title":{"rendered":"Po\u010detna"},"content":{"rendered":"<p style=\"text-align: justify;\"><span style=\"font-size: 14pt;\"><a href=\"http:\/\/jasminkasaric.com\/wp-content\/uploads\/2021\/10\/Ordinacija-1-scaled.jpg\"><img loading=\"lazy\" decoding=\"async\" class=\"alignleft wp-image-155\" src=\"http:\/\/jasminkasaric.com\/wp-content\/uploads\/2021\/10\/Ordinacija-1-225x300.jpg\" alt=\"\" width=\"300\" height=\"400\" srcset=\"https:\/\/jasminkasaric.com\/wp-content\/uploads\/2021\/10\/Ordinacija-1-225x300.jpg 225w, https:\/\/jasminkasaric.com\/wp-content\/uploads\/2021\/10\/Ordinacija-1-768x1024.jpg 768w, https:\/\/jasminkasaric.com\/wp-content\/uploads\/2021\/10\/Ordinacija-1-1152x1536.jpg 1152w, https:\/\/jasminkasaric.com\/wp-content\/uploads\/2021\/10\/Ordinacija-1-1536x2048.jpg 1536w, https:\/\/jasminkasaric.com\/wp-content\/uploads\/2021\/10\/Ordinacija-1-150x200.jpg 150w, https:\/\/jasminkasaric.com\/wp-content\/uploads\/2021\/10\/Ordinacija-1-scaled.jpg 1920w\" sizes=\"auto, (max-width: 300px) 100vw, 300px\" \/><\/a>Obavje\u0161tavamo Vas da dana 18. listopada 2021. godine <\/span><span style=\"font-size: 14pt;\">zapo\u010dela s radom Specijalisti\u010dka ordinacija psihijatrije <\/span><span style=\"font-size: 14pt;\">Jasminka \u0160ari\u0107 u Solinu.<\/span><\/p>\n<p style=\"text-align: justify;\"><span style=\"font-size: 14pt;\">Ordinacija je ugovoreni partner HZZO (E-uputnice). <\/span><span style=\"font-size: 14pt;\">Pacijenti se naru\u010duju sami, pozivom na gore navedene <\/span><span style=\"font-size: 14pt;\">kontakt brojeve, u vremenu od 14-20 sati ponedjeljkom i <\/span><span style=\"font-size: 14pt;\">utorkom, te od 8-13 sati srijedom, \u010detvrtkom i petkom.<\/span><\/p>\n<p style=\"text-align: justify;\"><span style=\"font-size: 14pt;\">Po dolasku trebaju predo\u010diti zdravstvenu iskaznicu.<\/span><\/p>\n<p><span style=\"font-size: 14pt;\">Radujemo se budu\u0107oj suradnji.<\/span><\/p>\n<p style=\"text-align: right;\"><span style=\"font-size: 14pt;\">dr. Jasminka \u0160ari\u0107<\/span><\/p>\n<p>&nbsp;<\/p>\n<p style=\"text-align: center;\"><span style=\"font-size: 14pt;\"><em>Kao \u0161to ko\u0161uta \u017eudi za vodom (izvorom), tako moja du\u0161a \u010dezne za Bogom (znanjem).<\/em><\/span><br \/>\n<span style=\"font-size: 14pt;\"><em>Natpis sa mozaika (Salona).<\/em><\/span><\/p>\n","protected":false},"excerpt":{"rendered":"<p>Obavje\u0161tavamo Vas da dana 18. listopada 2021. godine zapo\u010dela s radom Specijalisti\u010dka ordinacija psihijatrije Jasminka \u0160ari\u0107 u Solinu. Ordinacija je ugovoreni partner HZZO (E-uputnice). Pacijenti se naru\u010duju sami, pozivom na gore navedene kontakt brojeve, u vremenu od 14-20 sati ponedjeljkom i utorkom, te od 8-13 sati srijedom, \u010detvrtkom i petkom. &hellip;<\/p>\n","protected":false},"author":1,"featured_media":0,"parent":0,"menu_order":1,"comment_status":"closed","ping_status":"closed","template":"","meta":{"footnotes":""},"class_list":["post-7","page","type-page","status-publish","hentry"],"_links":{"self":[{"href":"https:\/\/jasminkasaric.com\/index.php?rest_route=\/wp\/v2\/pages\/7","targetHints":{"allow":["GET"]}}],"collection":[{"href":"https:\/\/jasminkasaric.com\/index.php?rest_route=\/wp\/v2\/pages"}],"about":[{"href":"https:\/\/jasminkasaric.com\/index.php?rest_route=\/wp\/v2\/types\/page"}],"author":[{"embeddable":true,"href":"https:\/\/jasminkasaric.com\/index.php?rest_route=\/wp\/v2\/users\/1"}],"replies":[{"embeddable":true,"href":"https:\/\/jasminkasaric.com\/index.php?rest_route=%2Fwp%2Fv2%2Fcomments&post=7"}],"version-history":[{"count":21,"href":"https:\/\/jasminkasaric.com\/index.php?rest_route=\/wp\/v2\/pages\/7\/revisions"}],"predecessor-version":[{"id":173,"href":"https:\/\/jasminkasaric.com\/index.php?rest_route=\/wp\/v2\/pages\/7\/revisions\/173"}],"wp:attachment":[{"href":"https:\/\/jasminkasaric.com\/index.php?rest_route=%2Fwp%2Fv2%2Fmedia&parent=7"}],"curies":[{"name":"wp","href":"https:\/\/api.w.org\/{rel}","templated":true}]}}